{"id":115,"date":"2025-05-02T16:33:41","date_gmt":"2025-05-02T14:33:41","guid":{"rendered":"https:\/\/wp2.oszef.bhakwien10.schulwebspace.at\/?page_id=115"},"modified":"2025-05-02T16:39:39","modified_gmt":"2025-05-02T14:39:39","slug":"agb","status":"publish","type":"page","link":"https:\/\/wp2.oszef.bhakwien10.schulwebspace.at\/?page_id=115","title":{"rendered":"AGB"},"content":{"rendered":"<h2 class=\"wp-block-heading\"><strong>Allgemeine Gesch\u00e4ftsbedingungen (AGB)<\/strong><\/h2><p><strong>V\u00f6ner | Der D\u00f6ner der verw\u00f6hnt<\/strong><br>Stand: Mai 2025<\/p><hr class=\"wp-block-separator has-alpha-channel-opacity\"\/><h3 class=\"wp-block-heading\"><strong>1. Geltungsbereich<\/strong><\/h3><p>Diese Allgemeinen Gesch\u00e4ftsbedingungen gelten f\u00fcr s\u00e4mtliche Bestellungen, Lieferungen und Leistungen, die durch V\u00f6ner (Inhaber: BHAK BHAS Wien 10, Pernerstorfergasse 77, 1100 Wien) gegen\u00fcber Verbraucher:innen und Unternehmen erbracht werden \u2013 sowohl im Restaurant, als auch telefonisch oder \u00fcber unsere Website\/App.<\/p><hr class=\"wp-block-separator has-alpha-channel-opacity\"\/><h3 class=\"wp-block-heading\"><strong>2. Angebot und Vertragsschluss<\/strong><\/h3><p>Unsere Speisekarte stellt kein rechtlich bindendes Angebot dar, sondern eine unverbindliche Aufforderung zur Bestellung. Mit einer Bestellung (im Laden, telefonisch oder online) gibst du ein verbindliches Angebot zum Abschluss eines Kaufvertrages ab. Der Vertrag kommt mit Annahme durch uns \u2013 etwa durch eine Bestellbest\u00e4tigung oder direkte Lieferung \u2013 zustande.<\/p><hr class=\"wp-block-separator has-alpha-channel-opacity\"\/><h3 class=\"wp-block-heading\"><strong>3. Preise und Zahlungsmethoden<\/strong><\/h3><p>Alle angegebenen Preise sind Endpreise in Euro und enthalten die gesetzliche Mehrwertsteuer.<\/p><p>Zahlungsm\u00f6glichkeiten:<\/p><ul class=\"wp-block-list\"><li>Barzahlung im Restaurant<\/li>\n\n<li>EC-\/Kreditkartenzahlung<\/li>\n\n<li>Zahlung per Online-Dienst (z.\u202fB. PayPal, sofern verf\u00fcgbar)<\/li>\n\n<li>Zahlung bei Lieferung (nur in bar oder wie vereinbart)<\/li><\/ul><p>Wir behalten uns vor, bestimmte Zahlungsmethoden im Einzelfall auszuschlie\u00dfen.<\/p><hr class=\"wp-block-separator has-alpha-channel-opacity\"\/><h3 class=\"wp-block-heading\"><strong>4. Lieferung und Abholung<\/strong><\/h3><p>Bei Lieferung gelten folgende Bedingungen:<\/p><ul class=\"wp-block-list\"><li>Der Mindestbestellwert wird auf der Website oder telefonisch bekannt gegeben.<\/li>\n\n<li>Lieferzeiten sind abh\u00e4ngig von Tageszeit, Wetter und Auftragslage.<\/li>\n\n<li>Eine Gew\u00e4hr f\u00fcr bestimmte Lieferzeiten wird nicht \u00fcbernommen.<\/li><\/ul><p>Selbstabholung ist w\u00e4hrend der \u00d6ffnungszeiten jederzeit m\u00f6glich.<\/p><hr class=\"wp-block-separator has-alpha-channel-opacity\"\/><h3 class=\"wp-block-heading\"><strong>5. Allergene und Zusatzstoffe<\/strong><\/h3><p>Informationen zu Allergenen und Zusatzstoffen sind im Restaurant einsehbar und auf Wunsch erh\u00e4ltlich. Trotz gr\u00f6\u00dftm\u00f6glicher Sorgfalt kann eine Spurenkontamination (z.\u202fB. durch N\u00fcsse, Gluten, Laktose) nicht vollst\u00e4ndig ausgeschlossen werden.<\/p><hr class=\"wp-block-separator has-alpha-channel-opacity\"\/><h3 class=\"wp-block-heading\"><strong>6. Widerrufsrecht<\/strong><\/h3><p>Da es sich bei unseren Speisen um verderbliche Lebensmittel handelt, besteht gem\u00e4\u00df \u00a7 312g Abs. 2 Nr. 1 BGB <strong>kein Widerrufsrecht<\/strong> f\u00fcr Bestellungen, sobald die Zubereitung begonnen wurde.<\/p><hr class=\"wp-block-separator has-alpha-channel-opacity\"\/><h3 class=\"wp-block-heading\"><strong>7. Reklamationen<\/strong><\/h3><p>Solltest du mit deiner Bestellung nicht zufrieden sein, bitten wir dich, dich direkt vor Ort oder telefonisch bei uns zu melden. Reklamationen m\u00fcssen zeitnah erfolgen, damit wir schnell und kulant reagieren k\u00f6nnen. Eine R\u00fcckgabe bereits verzehrter Speisen ist ausgeschlossen.<\/p><hr class=\"wp-block-separator has-alpha-channel-opacity\"\/><h3 class=\"wp-block-heading\"><strong>8. Haftung<\/strong><\/h3><p>V\u00f6ner | Der D\u00f6ner der verw\u00f6hnt haftet nur f\u00fcr Sch\u00e4den, die auf Vorsatz oder grober Fahrl\u00e4ssigkeit beruhen. Bei leichter Fahrl\u00e4ssigkeit haften wir nur f\u00fcr die Verletzung vertragswesentlicher Pflichten, und auch nur f\u00fcr vorhersehbare, typische Sch\u00e4den.<\/p><hr class=\"wp-block-separator has-alpha-channel-opacity\"\/><h3 class=\"wp-block-heading\"><strong>9. Datenschutz<\/strong><\/h3><p>Die Verarbeitung personenbezogener Daten erfolgt im Einklang mit der Datenschutzgrundverordnung (DSGVO). Details findest du in unserer <a class=\"\">Datenschutzerkl\u00e4rung<\/a>.<\/p><hr class=\"wp-block-separator has-alpha-channel-opacity\"\/><h3 class=\"wp-block-heading\"><strong>10. Schlussbestimmungen<\/strong><\/h3><p>Sollten einzelne Klauseln dieser AGB ganz oder teilweise unwirksam sein, bleibt die Wirksamkeit der \u00fcbrigen Bestimmungen unber\u00fchrt.<br>Es gilt das Recht der Bundesrepublik Deutschland.<br>Gerichtsstand ist, soweit gesetzlich zul\u00e4ssig, Berlin.<\/p><hr class=\"wp-block-separator has-alpha-channel-opacity\"\/><p><strong>V\u00f6ner | Der D\u00f6ner der verw\u00f6hnt<\/strong><br>Inhaber: BHAK BHAS Wien 10<br>Pernerstorfergasse 77<br>1100 Wien<br><a href=\"mailto:office@bhakwien10.at\">office@bhakwien10.at<\/a>\u00a0<br><a class=\"\" href=\"http:\/\/www.doenerdeluxe-berlin.de\">www.<\/a>v\u00f6ner.at <\/p>","protected":false},"excerpt":{"rendered":"<p>Allgemeine Gesch\u00e4ftsbedingungen (AGB) V\u00f6ner | Der D\u00f6ner der verw\u00f6hntStand: Mai 2025 1. Geltungsbereich Diese Allgemeinen Gesch\u00e4ftsbedingungen gelten f\u00fcr s\u00e4mtliche Bestellungen, Lieferungen und Leistungen, die durch V\u00f6ner (Inhaber: BHAK BHAS Wien 10, Pernerstorfergasse 77, 1100 Wien) gegen\u00fcber Verbraucher:innen und Unternehmen erbracht werden \u2013 sowohl im Restaurant, als auch telefonisch oder \u00fcber unsere Website\/App. 2. Angebot und [&hellip;]<\/p>\n","protected":false},"author":1,"featured_media":0,"parent":0,"menu_order":0,"comment_status":"closed","ping_status":"closed","template":"","meta":{"postBodyCss":"","postBodyMargin":[],"postBodyPadding":[],"postBodyBackground":{"backgroundType":"classic","gradient":""},"footnotes":""},"class_list":["post-115","page","type-page","status-publish","hentry"],"_links":{"self":[{"href":"https:\/\/wp2.oszef.bhakwien10.schulwebspace.at\/index.php?rest_route=\/wp\/v2\/pages\/115","targetHints":{"allow":["GET"]}}],"collection":[{"href":"https:\/\/wp2.oszef.bhakwien10.schulwebspace.at\/index.php?rest_route=\/wp\/v2\/pages"}],"about":[{"href":"https:\/\/wp2.oszef.bhakwien10.schulwebspace.at\/index.php?rest_route=\/wp\/v2\/types\/page"}],"author":[{"embeddable":true,"href":"https:\/\/wp2.oszef.bhakwien10.schulwebspace.at\/index.php?rest_route=\/wp\/v2\/users\/1"}],"replies":[{"embeddable":true,"href":"https:\/\/wp2.oszef.bhakwien10.schulwebspace.at\/index.php?rest_route=%2Fwp%2Fv2%2Fcomments&post=115"}],"version-history":[{"count":5,"href":"https:\/\/wp2.oszef.bhakwien10.schulwebspace.at\/index.php?rest_route=\/wp\/v2\/pages\/115\/revisions"}],"predecessor-version":[{"id":121,"href":"https:\/\/wp2.oszef.bhakwien10.schulwebspace.at\/index.php?rest_route=\/wp\/v2\/pages\/115\/revisions\/121"}],"wp:attachment":[{"href":"https:\/\/wp2.oszef.bhakwien10.schulwebspace.at\/index.php?rest_route=%2Fwp%2Fv2%2Fmedia&parent=115"}],"curies":[{"name":"wp","href":"https:\/\/api.w.org\/{rel}","templated":true}]}}