{"id":147,"date":"2025-05-02T17:35:43","date_gmt":"2025-05-02T15:35:43","guid":{"rendered":"https:\/\/wp2.oszef.bhakwien10.schulwebspace.at\/?page_id=147"},"modified":"2025-06-02T19:51:03","modified_gmt":"2025-06-02T17:51:03","slug":"jobs","status":"publish","type":"page","link":"https:\/\/wp2.oszef.bhakwien10.schulwebspace.at\/?page_id=147","title":{"rendered":"Jobs"},"content":{"rendered":"<div data-block=\"gutenkit\/container\" data-post-id=\"147\" id=\"block-470e04e7-e20a-4927-96a6-057d7827d30f\" class=\"wp-block-gutenkit-container alignfull gkit27d30f gutenkit-block\"><div class=\"gkit-container-overlay\"><\/div><div class=\"gkit-block__inner\"><div data-block=\"gutenkit\/heading\" data-post-id=\"147\" class=\"wp-block-gutenkit-heading gkit-heading-border-position-start gkit77664b gutenkit-block\" id=\"block-414b54a5-8e67-411d-9df4-ca0a230f1082\"><span class=\"gkit-heading-shadow-text\">Medical<\/span><h2 class=\"gkit-heading-title\">Durch uns passieren kleine Wunder im Mund und Magen<\/h2><div class=\"gkit-heading-description\"><p>Werden Sie Teil unseres Teams!Brennen Sie f\u00fcr exzellenten Service und au\u00dfergew\u00f6hnliche K\u00fcche? Bei uns finden Sie die M\u00f6glichkeit, Ihre Leidenschaft im Gastgewerbe auszuleben. Ob in der K\u00fcche, im Service oder im Management \u2013 wir suchen engagierte Talente, die unser Team bereichern und unseren G\u00e4sten unvergessliche Momente bereiten wollen. Entdecken Sie unsere aktuellen Stellenangebote und bewerben Sie sich jetzt!<\/p><\/div><\/div>\n\n<div data-block=\"gutenkit\/container\" data-post-id=\"147\" id=\"block-f33d955a-26e8-4d37-8786-4d82d31f1bf2\" class=\"wp-block-gutenkit-container alignfull gkit-block-f33d955a-26e8-4d37-8786-4d82d31f1bf2 gutenkit-block\"><div class=\"gkit-block__inner\"><div data-block=\"gutenkit\/container\" data-post-id=\"147\" id=\"block-c4247bbb-2a9b-40a8-b763-0fec65e95181\" class=\"wp-block-gutenkit-container gkit-block-custom-wide gkit-block-c4247bbb-2a9b-40a8-b763-0fec65e95181 gutenkit-block\"><div class=\"gkit-block__inner\"><div data-block=\"gutenkit\/image-box\" data-post-id=\"147\" id=\"block-831696ba-73fe-4d62-8102-30bdda042c3b\" class=\"wp-block-gutenkit-image-box gkit042c3b gutenkit-block\"><div class=\"gkit-info-image-box gkit-image-box simple-card\"><div class=\"gkit-box-header image-box-img-undefined\"><img loading=\"lazy\" decoding=\"async\" width=\"2048\" height=\"2048\" loading=\"lazy\" src=\"https:\/\/wp2.oszef.bhakwien10.schulwebspace.at\/wp-content\/uploads\/2025\/05\/Koch.jpeg\" class=\"wp-image-353\" alt=\"\" srcset=\"https:\/\/wp2.oszef.bhakwien10.schulwebspace.at\/wp-content\/uploads\/2025\/05\/Koch.jpeg 2048w, https:\/\/wp2.oszef.bhakwien10.schulwebspace.at\/wp-content\/uploads\/2025\/05\/Koch-300x300.jpeg 300w, https:\/\/wp2.oszef.bhakwien10.schulwebspace.at\/wp-content\/uploads\/2025\/05\/Koch-1024x1024.jpeg 1024w, https:\/\/wp2.oszef.bhakwien10.schulwebspace.at\/wp-content\/uploads\/2025\/05\/Koch-150x150.jpeg 150w, https:\/\/wp2.oszef.bhakwien10.schulwebspace.at\/wp-content\/uploads\/2025\/05\/Koch-768x768.jpeg 768w, https:\/\/wp2.oszef.bhakwien10.schulwebspace.at\/wp-content\/uploads\/2025\/05\/Koch-1536x1536.jpeg 1536w\" sizes=\"auto, (max-width: 2048px) 100vw, 2048px\" \/><\/div><div class=\"gkit-box-body gkit-image-box-body\"><div class=\"gkit-box-content gkit-image-box-body-inner\"><div class=\"gkit-box-body-content\"><div class=\"gkit-info-box\"><h3 identifier=\"imageBox-heading\" class=\"gkit-info-box-title\">K\u00f6chinen &amp;K\u00f6che<\/h3><\/div><div identifier=\"imageBox-description\" class=\"gkit-box-style-content\">Kochen ist meine Leidenschaft \u2013 voller Geschmack, Kreativit\u00e4t und Liebe zum Detail!<\/div><\/div><div class=\"gkit-box-footer\"><a class=\"gkit-btn\" href=\"#\">Jetzt bewerben<\/a><\/div><\/div><\/div><\/div><\/div><\/div><\/div>\n\n<div data-block=\"gutenkit\/container\" data-post-id=\"147\" id=\"block-8d4e6c3f-faf6-41b2-bcb7-afb9a18543f7\" class=\"wp-block-gutenkit-container gkit-block-custom-wide gkit-block-8d4e6c3f-faf6-41b2-bcb7-afb9a18543f7 gutenkit-block\"><div class=\"gkit-block__inner\"><div data-block=\"gutenkit\/image-box\" data-post-id=\"147\" id=\"block-c0c5c4c3-e93d-4c93-b380-857737768249\" class=\"wp-block-gutenkit-image-box gkit768249 gutenkit-block\"><div class=\"gkit-info-image-box gkit-image-box simple-card\"><div class=\"gkit-box-header image-box-img-undefined\"><img loading=\"lazy\" decoding=\"async\" width=\"2048\" height=\"2048\" loading=\"lazy\" src=\"https:\/\/wp2.oszef.bhakwien10.schulwebspace.at\/wp-content\/uploads\/2025\/05\/Kellner.jpeg\" class=\"wp-image-350\" alt=\"\" srcset=\"https:\/\/wp2.oszef.bhakwien10.schulwebspace.at\/wp-content\/uploads\/2025\/05\/Kellner.jpeg 2048w, https:\/\/wp2.oszef.bhakwien10.schulwebspace.at\/wp-content\/uploads\/2025\/05\/Kellner-300x300.jpeg 300w, https:\/\/wp2.oszef.bhakwien10.schulwebspace.at\/wp-content\/uploads\/2025\/05\/Kellner-1024x1024.jpeg 1024w, https:\/\/wp2.oszef.bhakwien10.schulwebspace.at\/wp-content\/uploads\/2025\/05\/Kellner-150x150.jpeg 150w, https:\/\/wp2.oszef.bhakwien10.schulwebspace.at\/wp-content\/uploads\/2025\/05\/Kellner-768x768.jpeg 768w, https:\/\/wp2.oszef.bhakwien10.schulwebspace.at\/wp-content\/uploads\/2025\/05\/Kellner-1536x1536.jpeg 1536w\" sizes=\"auto, (max-width: 2048px) 100vw, 2048px\" \/><\/div><div class=\"gkit-box-body gkit-image-box-body\"><div class=\"gkit-box-content gkit-image-box-body-inner\"><div class=\"gkit-box-body-content\"><div class=\"gkit-info-box\"><h3 identifier=\"imageBox-heading\" class=\"gkit-info-box-title\">Kellnerinnen &amp; Kellner<\/h3><\/div><div identifier=\"imageBox-description\" class=\"gkit-box-style-content\">Service mit Herz \u2013 aufmerksam, freundlich und immer mit einem L\u00e4cheln. Ihr Genussmoment ist meine Mission!<\/div><\/div><div class=\"gkit-box-footer\"><a class=\"gkit-btn\" href=\"#\">Jetzt bewerben<\/a><\/div><\/div><\/div><\/div><\/div><\/div><\/div>\n\n<div data-block=\"gutenkit\/container\" data-post-id=\"147\" id=\"block-6fb36654-36c7-47d2-86b9-4f4ac96620ff\" class=\"wp-block-gutenkit-container gkit-block-custom-wide gkit-block-6fb36654-36c7-47d2-86b9-4f4ac96620ff gutenkit-block\"><div class=\"gkit-block__inner\"><div data-block=\"gutenkit\/image-box\" data-post-id=\"147\" id=\"block-c81467c5-d84d-412b-aa4a-e54fc2c60cfb\" class=\"wp-block-gutenkit-image-box gkitc60cfb gutenkit-block\"><div class=\"gkit-info-image-box gkit-image-box simple-card\"><div class=\"gkit-box-header image-box-img-undefined\"><img loading=\"lazy\" decoding=\"async\" width=\"2048\" height=\"2048\" loading=\"lazy\" src=\"https:\/\/wp2.oszef.bhakwien10.schulwebspace.at\/wp-content\/uploads\/2025\/05\/Baarkeeperin.jpeg\" class=\"wp-image-351\" alt=\"\" srcset=\"https:\/\/wp2.oszef.bhakwien10.schulwebspace.at\/wp-content\/uploads\/2025\/05\/Baarkeeperin.jpeg 2048w, https:\/\/wp2.oszef.bhakwien10.schulwebspace.at\/wp-content\/uploads\/2025\/05\/Baarkeeperin-300x300.jpeg 300w, https:\/\/wp2.oszef.bhakwien10.schulwebspace.at\/wp-content\/uploads\/2025\/05\/Baarkeeperin-1024x1024.jpeg 1024w, https:\/\/wp2.oszef.bhakwien10.schulwebspace.at\/wp-content\/uploads\/2025\/05\/Baarkeeperin-150x150.jpeg 150w, https:\/\/wp2.oszef.bhakwien10.schulwebspace.at\/wp-content\/uploads\/2025\/05\/Baarkeeperin-768x768.jpeg 768w, https:\/\/wp2.oszef.bhakwien10.schulwebspace.at\/wp-content\/uploads\/2025\/05\/Baarkeeperin-1536x1536.jpeg 1536w\" sizes=\"auto, (max-width: 2048px) 100vw, 2048px\" \/><\/div><div class=\"gkit-box-body gkit-image-box-body\"><div class=\"gkit-box-content gkit-image-box-body-inner\"><div class=\"gkit-box-body-content\"><div class=\"gkit-info-box\"><h3 identifier=\"imageBox-heading\" class=\"gkit-info-box-title\">Barkeeperinnen und Barkeeper<\/h3><\/div><div identifier=\"imageBox-description\" class=\"gkit-box-style-content\">Kreative Drinks, beste Stimmung \u2013 mit Leidenschaft gemixt!<\/div><\/div><div class=\"gkit-box-footer\"><a class=\"gkit-btn\" href=\"#\">Jetzt bewerben<\/a><\/div><\/div><\/div><\/div><\/div><\/div><\/div><\/div><\/div>\n\n<div data-block=\"gutenkit\/container\" data-post-id=\"147\" id=\"block-f33d955a-26e8-4d37-8786-4d82d31f1bf2\" class=\"wp-block-gutenkit-container alignfull gkit-block-f33d955a-26e8-4d37-8786-4d82d31f1bf2 gutenkit-block\"><div class=\"gkit-block__inner\"><div data-block=\"gutenkit\/container\" data-post-id=\"147\" id=\"block-c4247bbb-2a9b-40a8-b763-0fec65e95181\" class=\"wp-block-gutenkit-container gkit-block-custom-wide gkit-block-c4247bbb-2a9b-40a8-b763-0fec65e95181 gutenkit-block\"><div class=\"gkit-block__inner\"><div data-block=\"gutenkit\/image-box\" data-post-id=\"147\" id=\"block-02055c05-50fb-4e31-882d-92bf36c2b37a\" class=\"wp-block-gutenkit-image-box gkitc2b37a gutenkit-block\"><div class=\"gkit-info-image-box gkit-image-box simple-card\"><div class=\"gkit-box-header image-box-img-undefined\"><img loading=\"lazy\" decoding=\"async\" width=\"2048\" height=\"2048\" loading=\"lazy\" src=\"https:\/\/wp2.oszef.bhakwien10.schulwebspace.at\/wp-content\/uploads\/2025\/05\/Spueler.jpeg\" class=\"wp-image-352\" alt=\"\" srcset=\"https:\/\/wp2.oszef.bhakwien10.schulwebspace.at\/wp-content\/uploads\/2025\/05\/Spueler.jpeg 2048w, https:\/\/wp2.oszef.bhakwien10.schulwebspace.at\/wp-content\/uploads\/2025\/05\/Spueler-300x300.jpeg 300w, https:\/\/wp2.oszef.bhakwien10.schulwebspace.at\/wp-content\/uploads\/2025\/05\/Spueler-1024x1024.jpeg 1024w, https:\/\/wp2.oszef.bhakwien10.schulwebspace.at\/wp-content\/uploads\/2025\/05\/Spueler-150x150.jpeg 150w, https:\/\/wp2.oszef.bhakwien10.schulwebspace.at\/wp-content\/uploads\/2025\/05\/Spueler-768x768.jpeg 768w, https:\/\/wp2.oszef.bhakwien10.schulwebspace.at\/wp-content\/uploads\/2025\/05\/Spueler-1536x1536.jpeg 1536w\" sizes=\"auto, (max-width: 2048px) 100vw, 2048px\" \/><\/div><div class=\"gkit-box-body gkit-image-box-body\"><div class=\"gkit-box-content gkit-image-box-body-inner\"><div class=\"gkit-box-body-content\"><div class=\"gkit-info-box\"><h3 identifier=\"imageBox-heading\" class=\"gkit-info-box-title\">Sp\u00fclerinnen und Sp\u00fcler<\/h3><\/div><div identifier=\"imageBox-description\" class=\"gkit-box-style-content\">Sauberkeit mit Pr\u00e4zision \u2013 zuverl\u00e4ssig, effizient und immer mit vollem Einsatz!<\/div><\/div><div class=\"gkit-box-footer\"><a class=\"gkit-btn\" href=\"#\">Jetzt bewerben<\/a><\/div><\/div><\/div><\/div><\/div><\/div><\/div>\n\n<div data-block=\"gutenkit\/container\" data-post-id=\"147\" id=\"block-8d4e6c3f-faf6-41b2-bcb7-afb9a18543f7\" class=\"wp-block-gutenkit-container gkit-block-custom-wide gkit-block-8d4e6c3f-faf6-41b2-bcb7-afb9a18543f7 gutenkit-block\"><div class=\"gkit-block__inner\"><div data-block=\"gutenkit\/image-box\" data-post-id=\"147\" id=\"block-1b650e41-be11-4289-8d77-5f3d3d18eb07\" class=\"wp-block-gutenkit-image-box gkit18eb07 gutenkit-block\"><div class=\"gkit-info-image-box gkit-image-box simple-card\"><div class=\"gkit-box-header image-box-img-undefined\"><img loading=\"lazy\" decoding=\"async\" width=\"2048\" height=\"2048\" loading=\"lazy\" src=\"https:\/\/wp2.oszef.bhakwien10.schulwebspace.at\/wp-content\/uploads\/2025\/05\/Patissier.jpeg\" class=\"wp-image-349\" alt=\"\" srcset=\"https:\/\/wp2.oszef.bhakwien10.schulwebspace.at\/wp-content\/uploads\/2025\/05\/Patissier.jpeg 2048w, https:\/\/wp2.oszef.bhakwien10.schulwebspace.at\/wp-content\/uploads\/2025\/05\/Patissier-300x300.jpeg 300w, https:\/\/wp2.oszef.bhakwien10.schulwebspace.at\/wp-content\/uploads\/2025\/05\/Patissier-1024x1024.jpeg 1024w, https:\/\/wp2.oszef.bhakwien10.schulwebspace.at\/wp-content\/uploads\/2025\/05\/Patissier-150x150.jpeg 150w, https:\/\/wp2.oszef.bhakwien10.schulwebspace.at\/wp-content\/uploads\/2025\/05\/Patissier-768x768.jpeg 768w, https:\/\/wp2.oszef.bhakwien10.schulwebspace.at\/wp-content\/uploads\/2025\/05\/Patissier-1536x1536.jpeg 1536w\" sizes=\"auto, (max-width: 2048px) 100vw, 2048px\" \/><\/div><div class=\"gkit-box-body gkit-image-box-body\"><div class=\"gkit-box-content gkit-image-box-body-inner\"><div class=\"gkit-box-body-content\"><div class=\"gkit-info-box\"><h3 identifier=\"imageBox-heading\" class=\"gkit-info-box-title\">P\u00e2tissier<\/h3><\/div><div identifier=\"imageBox-description\" class=\"gkit-box-style-content\">Feine S\u00fc\u00dfspeisen, kunstvoll kreiert \u2013 f\u00fcr echte Genussmomente!<\/div><\/div><div class=\"gkit-box-footer\"><a class=\"gkit-btn\" href=\"#\">Jetzt bewerben<\/a><\/div><\/div><\/div><\/div><\/div><\/div><\/div>\n\n<div data-block=\"gutenkit\/container\" data-post-id=\"147\" id=\"block-6fb36654-36c7-47d2-86b9-4f4ac96620ff\" class=\"wp-block-gutenkit-container gkit-block-custom-wide gkit-block-6fb36654-36c7-47d2-86b9-4f4ac96620ff gutenkit-block\"><div class=\"gkit-block__inner\"><div data-block=\"gutenkit\/image-box\" data-post-id=\"147\" id=\"block-7314fcc6-e91a-416e-9ef7-e240c4dcf975\" class=\"wp-block-gutenkit-image-box gkitdcf975 gutenkit-block\"><div class=\"gkit-info-image-box gkit-image-box simple-card\"><div class=\"gkit-box-header image-box-img-undefined\"><img loading=\"lazy\" decoding=\"async\" width=\"2048\" height=\"2048\" loading=\"lazy\" src=\"https:\/\/wp2.oszef.bhakwien10.schulwebspace.at\/wp-content\/uploads\/2025\/05\/Host.jpeg\" class=\"wp-image-348\" alt=\"\" srcset=\"https:\/\/wp2.oszef.bhakwien10.schulwebspace.at\/wp-content\/uploads\/2025\/05\/Host.jpeg 2048w, https:\/\/wp2.oszef.bhakwien10.schulwebspace.at\/wp-content\/uploads\/2025\/05\/Host-300x300.jpeg 300w, https:\/\/wp2.oszef.bhakwien10.schulwebspace.at\/wp-content\/uploads\/2025\/05\/Host-1024x1024.jpeg 1024w, https:\/\/wp2.oszef.bhakwien10.schulwebspace.at\/wp-content\/uploads\/2025\/05\/Host-150x150.jpeg 150w, https:\/\/wp2.oszef.bhakwien10.schulwebspace.at\/wp-content\/uploads\/2025\/05\/Host-768x768.jpeg 768w, https:\/\/wp2.oszef.bhakwien10.schulwebspace.at\/wp-content\/uploads\/2025\/05\/Host-1536x1536.jpeg 1536w\" sizes=\"auto, (max-width: 2048px) 100vw, 2048px\" \/><\/div><div class=\"gkit-box-body gkit-image-box-body\"><div class=\"gkit-box-content gkit-image-box-body-inner\"><div class=\"gkit-box-body-content\"><div class=\"gkit-info-box\"><h3 identifier=\"imageBox-heading\" class=\"gkit-info-box-title\">Host\/ess<\/h3><\/div><div identifier=\"imageBox-description\" class=\"gkit-box-style-content\">Charmant, aufmerksam \u2013 f\u00fcr einen perfekten Empfang!<\/div><\/div><div class=\"gkit-box-footer\"><a class=\"gkit-btn\" href=\"#\">Jetzt bewerben<\/a><\/div><\/div><\/div><\/div><\/div><\/div><\/div><\/div><\/div><\/div><\/div><div data-block=\"gutenkit\/container\" data-post-id=\"147\" id=\"block-6189fcd4-0039-4d80-bda3-6aab1fa7f415\" class=\"wp-block-gutenkit-container alignfull gkit-block-6189fcd4-0039-4d80-bda3-6aab1fa7f415 gutenkit-block\"><div class=\"gkit-container-overlay\"><\/div><div class=\"gkit-block__inner\"><div data-block=\"gutenkit\/heading\" data-post-id=\"147\" class=\"wp-block-gutenkit-heading gkit-heading-border-position-start gkite11e33 gutenkit-block\" id=\"block-9fc01342-c128-4c36-87c9-4583046a259c\"><h2 class=\"gkit-heading-title\">Arbeitszeiten<\/h2><div class=\"gkit-heading-separetor gkit-heading-separetor-after-title gkit-heading-separetor-style-solid\"><div class=\"gkit-heading-separetor-divider\"><\/div><\/div><div class=\"gkit-heading-description\"><p><\/p><\/div><\/div>\n\n<div data-block=\"gutenkit\/business-hours\" data-post-id=\"147\" id=\"block-c97a925f-9367-4793-aa60-3582786eef4b\" class=\"wp-block-gutenkit-business-hours gkit-block-c97a925f-9367-4793-aa60-3582786eef4b gutenkit-block\"><div class=\"gkit-business-hours\"><div data-block=\"gutenkit\/business-hours-item\" data-post-id=\"147\" id=\"block-7fd409e6-2010-416b-a5cd-5eb771ee8a03\" class=\"wp-block-gutenkit-business-hours-item gkitee8a03 gutenkit-block\"><div class=\"gkit-single-day gkit-single-day-item gkit-highlight-this-day\"><span identifier=\"day\" class=\"gkit-business-day\">Samstag<\/span><span identifier=\"time\" class=\"gkit-business-time\">10:00 bis 24:00 Uhr<\/span><\/div><\/div>\n\n<div data-block=\"gutenkit\/business-hours-item\" data-post-id=\"147\" id=\"block-837c7180-ac81-4992-bb3b-cf9ccc2d776f\" class=\"wp-block-gutenkit-business-hours-item gkit2d776f gutenkit-block\"><div class=\"gkit-single-day gkit-single-day-item gkit-highlight-this-day\"><span identifier=\"day\" class=\"gkit-business-day\">Sonntag<\/span><span identifier=\"time\" class=\"gkit-business-time\">10:00 bis 24:00 Uhr<\/span><\/div><\/div>\n\n<div data-block=\"gutenkit\/business-hours-item\" data-post-id=\"147\" id=\"block-62c2944e-69f6-4d1a-8402-48e4a84b7f1f\" class=\"wp-block-gutenkit-business-hours-item gkit4b7f1f gutenkit-block\"><div class=\"gkit-single-day gkit-single-day-item \"><span identifier=\"day\" class=\"gkit-business-day\">Montag<\/span><span identifier=\"time\" class=\"gkit-business-time\">10:00 bis 20:00 Uhr<\/span><\/div><\/div>\n\n<div data-block=\"gutenkit\/business-hours-item\" data-post-id=\"147\" id=\"block-c66fbdf5-fe51-497d-8549-1af38047fb80\" class=\"wp-block-gutenkit-business-hours-item gkit47fb80 gutenkit-block\"><div class=\"gkit-single-day gkit-single-day-item \"><span identifier=\"day\" class=\"gkit-business-day\">Dienstag<\/span><span identifier=\"time\" class=\"gkit-business-time\">10:00 bis 20:00 Uhr<\/span><\/div><\/div>\n\n<div data-block=\"gutenkit\/business-hours-item\" data-post-id=\"147\" id=\"block-90d7cda7-d47a-40d7-a71c-ac2f7178826c\" class=\"wp-block-gutenkit-business-hours-item gkit78826c gutenkit-block\"><div class=\"gkit-single-day gkit-single-day-item \"><span identifier=\"day\" class=\"gkit-business-day\">Mittwoch<\/span><span identifier=\"time\" class=\"gkit-business-time\">10:00 bis 20:00 Uhr<\/span><\/div><\/div>\n\n<div data-block=\"gutenkit\/business-hours-item\" data-post-id=\"147\" id=\"block-c657d818-d29c-47cc-9159-eb6282aab770\" class=\"wp-block-gutenkit-business-hours-item gkitaab770 gutenkit-block\"><div class=\"gkit-single-day gkit-single-day-item \"><span identifier=\"day\" class=\"gkit-business-day\">Donnerstag<\/span><span identifier=\"time\" class=\"gkit-business-time\">10:00 bis 20:00 Uhr<\/span><\/div><\/div>\n\n<div data-block=\"gutenkit\/business-hours-item\" data-post-id=\"147\" id=\"block-0afd899f-7bf3-4e8f-8da8-d6ec6d9cc60d\" class=\"wp-block-gutenkit-business-hours-item gkit9cc60d gutenkit-block\"><div class=\"gkit-single-day gkit-single-day-item \"><span identifier=\"day\" class=\"gkit-business-day\">Freitag<\/span><span identifier=\"time\" class=\"gkit-business-time\">10:00 bis 20:00 Uhr<\/span><\/div><\/div><\/div><\/div><\/div><\/div>","protected":false},"excerpt":{"rendered":"","protected":false},"author":1,"featured_media":0,"parent":0,"menu_order":0,"comment_status":"closed","ping_status":"closed","template":"","meta":{"postBodyCss":"","postBodyMargin":[],"postBodyPadding":[],"postBodyBackground":{"backgroundType":"classic","gradient":""},"footnotes":""},"class_list":["post-147","page","type-page","status-publish","hentry"],"_links":{"self":[{"href":"https:\/\/wp2.oszef.bhakwien10.schulwebspace.at\/index.php?rest_route=\/wp\/v2\/pages\/147","targetHints":{"allow":["GET"]}}],"collection":[{"href":"https:\/\/wp2.oszef.bhakwien10.schulwebspace.at\/index.php?rest_route=\/wp\/v2\/pages"}],"about":[{"href":"https:\/\/wp2.oszef.bhakwien10.schulwebspace.at\/index.php?rest_route=\/wp\/v2\/types\/page"}],"author":[{"embeddable":true,"href":"https:\/\/wp2.oszef.bhakwien10.schulwebspace.at\/index.php?rest_route=\/wp\/v2\/users\/1"}],"replies":[{"embeddable":true,"href":"https:\/\/wp2.oszef.bhakwien10.schulwebspace.at\/index.php?rest_route=%2Fwp%2Fv2%2Fcomments&post=147"}],"version-history":[{"count":15,"href":"https:\/\/wp2.oszef.bhakwien10.schulwebspace.at\/index.php?rest_route=\/wp\/v2\/pages\/147\/revisions"}],"predecessor-version":[{"id":430,"href":"https:\/\/wp2.oszef.bhakwien10.schulwebspace.at\/index.php?rest_route=\/wp\/v2\/pages\/147\/revisions\/430"}],"wp:attachment":[{"href":"https:\/\/wp2.oszef.bhakwien10.schulwebspace.at\/index.php?rest_route=%2Fwp%2Fv2%2Fmedia&parent=147"}],"curies":[{"name":"wp","href":"https:\/\/api.w.org\/{rel}","templated":true}]}}