{"id":96,"date":"2025-05-02T14:21:06","date_gmt":"2025-05-02T12:21:06","guid":{"rendered":"https:\/\/wp2.oszef.bhakwien10.schulwebspace.at\/?page_id=96"},"modified":"2025-05-02T14:38:59","modified_gmt":"2025-05-02T12:38:59","slug":"impressum","status":"publish","type":"page","link":"https:\/\/wp2.oszef.bhakwien10.schulwebspace.at\/?page_id=96","title":{"rendered":"Impressum"},"content":{"rendered":"<p><strong>Angaben gem\u00e4\u00df \u00a7 5 TMG:<\/strong><\/p><p>V\u00f6ner<br>Inhaber: BHAK BHAS Wien 10<br>Pernerstorfergasse 77<br>1100 Wien<br>\u00d6sterreich<\/p><p><strong>Kontakt:<\/strong><br>Telefon: +43 1 6025191-0<br>E-Mail: <a href=\"mailto:office@bhakwien10.at\">office@bhakwien10.at<\/a>\u00a0<br>Website: <a class=\"\" href=\"http:\/\/www.doenerdeluxe-berlin.de\">www.<\/a>v\u00f6ner.at<\/p><p><strong>Umsatzsteuer-ID:<\/strong><br>Umsatzsteuer-Identifikationsnummer gem\u00e4\u00df \u00a727 a Umsatzsteuergesetz:<br>DE123456789<\/p><p><strong>Aufsichtsbeh\u00f6rde:<\/strong><br>Bezirksamt Mitte von Wien \u2013 Ordnungsamt<br>Karl-Marx-Allee 31<br>1010 Wien<\/p><p><strong>Verantwortlich f\u00fcr den Inhalt nach \u00a7 55 Abs. 2 RStV:<\/strong><br>BHAK BHAS Wien 10<br>Pernerstorfergasse 77<br>1100 Wien<\/p><hr class=\"wp-block-separator has-alpha-channel-opacity\"\/><h3 class=\"wp-block-heading\"><strong>Berufshaftpflichtversicherung<\/strong><\/h3><p>Name und Sitz des Versicherers: Easyname GmbH<br>Versicherungsgesellschaft \u00d6sterreich AG<br>Versicherungsstra\u00dfe 9<br>1100 Wien<\/p><p>Geltungsraum der Versicherung: \u00d6sterreich<\/p><hr class=\"wp-block-separator has-alpha-channel-opacity\"\/><hr class=\"wp-block-separator has-alpha-channel-opacity\"\/><hr class=\"wp-block-separator has-alpha-channel-opacity\"\/><h3 class=\"wp-block-heading\"><strong>Streitschlichtung<\/strong><\/h3><p>Die Europ\u00e4ische Kommission stellt eine Plattform zur Online-Streitbeilegung (OS) bereit:<br><a class=\"\" href=\"https:\/\/ec.europa.eu\/consumers\/odr\">https:\/\/ec.europa.eu\/consumers\/odr<\/a><\/p><p>Unsere E-Mail-Adresse finden Sie oben im Impressum.<br>Wir sind nicht verpflichtet und nicht bereit, an Streitbeilegungsverfahren vor einer Verbraucherschlichtungsstelle teilzunehmen.<\/p><hr class=\"wp-block-separator has-alpha-channel-opacity\"\/><h3 class=\"wp-block-heading\"><strong>Urheberrecht und Bildnachweise<\/strong><\/h3><p>Die durch den Seitenbetreiber erstellten Inhalte und Werke auf diesen Seiten unterliegen dem deutschen Urheberrecht.<br>Soweit die Inhalte auf dieser Seite nicht vom Betreiber erstellt wurden, werden die Urheberrechte Dritter beachtet.<br>Insbesondere werden Inhalte Dritter als solche gekennzeichnet. Sollten Sie trotzdem auf eine Urheberrechtsverletzung aufmerksam werden, bitten wir um einen entsprechenden Hinweis.<br>Bei Bekanntwerden von Rechtsverletzungen werden wir derartige Inhalte umgehend entfernen.<\/p><p>Fotos und Bildquellen:<\/p><ul class=\"wp-block-list\"><li>Eigene Aufnahmen<\/li>\n\n<li>Bilddatenbanken (z.\u202fB. unsplash.com, pexels.com) \u2013 soweit angegeben<\/li>\n\n<li>Spezielle Bildrechte ggf. nach Absprache<\/li><\/ul><hr class=\"wp-block-separator has-alpha-channel-opacity\"\/><h3 class=\"wp-block-heading\"><strong>Haftungsausschluss<\/strong><\/h3><p>Trotz sorgf\u00e4ltiger inhaltlicher Kontrolle \u00fcbernehmen wir keine Haftung f\u00fcr die Inhalte externer Links.<br>F\u00fcr den Inhalt der verlinkten Seiten sind ausschlie\u00dflich deren Betreiber verantwortlich.<br>Die Inhalte dieser Webseite wurden mit gr\u00f6\u00dftm\u00f6glicher Sorgfalt erstellt. F\u00fcr Richtigkeit, Vollst\u00e4ndigkeit und Aktualit\u00e4t der Inhalte k\u00f6nnen wir jedoch keine Gew\u00e4hr \u00fcbernehmen.<\/p><hr class=\"wp-block-separator has-alpha-channel-opacity\"\/><h3 class=\"wp-block-heading\"><strong>Datenschutzerkl\u00e4rung<\/strong><\/h3><p>Unsere Datenschutzerkl\u00e4rung finden Sie hier:<br><a class=\"\">www<\/a>.v\u00f6ner.at\/datenschutz<\/p>","protected":false},"excerpt":{"rendered":"<p>Angaben gem\u00e4\u00df \u00a7 5 TMG: V\u00f6nerInhaber: BHAK BHAS Wien 10Pernerstorfergasse 771100 Wien\u00d6sterreich Kontakt:Telefon: +43 1 6025191-0E-Mail: office@bhakwien10.at\u00a0Website: www.v\u00f6ner.at Umsatzsteuer-ID:Umsatzsteuer-Identifikationsnummer gem\u00e4\u00df \u00a727 a Umsatzsteuergesetz:DE123456789 Aufsichtsbeh\u00f6rde:Bezirksamt Mitte von Wien \u2013 OrdnungsamtKarl-Marx-Allee 311010 Wien Verantwortlich f\u00fcr den Inhalt nach \u00a7 55 Abs. 2 RStV:BHAK BHAS Wien 10Pernerstorfergasse 771100 Wien Berufshaftpflichtversicherung Name und Sitz des Versicherers: Easyname GmbHVersicherungsgesellschaft \u00d6sterreich [&hellip;]<\/p>\n","protected":false},"author":1,"featured_media":0,"parent":0,"menu_order":0,"comment_status":"closed","ping_status":"closed","template":"","meta":{"postBodyCss":"","postBodyMargin":[],"postBodyPadding":[],"postBodyBackground":{"backgroundType":"classic","gradient":""},"footnotes":""},"class_list":["post-96","page","type-page","status-publish","hentry"],"_links":{"self":[{"href":"https:\/\/wp2.oszef.bhakwien10.schulwebspace.at\/index.php?rest_route=\/wp\/v2\/pages\/96","targetHints":{"allow":["GET"]}}],"collection":[{"href":"https:\/\/wp2.oszef.bhakwien10.schulwebspace.at\/index.php?rest_route=\/wp\/v2\/pages"}],"about":[{"href":"https:\/\/wp2.oszef.bhakwien10.schulwebspace.at\/index.php?rest_route=\/wp\/v2\/types\/page"}],"author":[{"embeddable":true,"href":"https:\/\/wp2.oszef.bhakwien10.schulwebspace.at\/index.php?rest_route=\/wp\/v2\/users\/1"}],"replies":[{"embeddable":true,"href":"https:\/\/wp2.oszef.bhakwien10.schulwebspace.at\/index.php?rest_route=%2Fwp%2Fv2%2Fcomments&post=96"}],"version-history":[{"count":4,"href":"https:\/\/wp2.oszef.bhakwien10.schulwebspace.at\/index.php?rest_route=\/wp\/v2\/pages\/96\/revisions"}],"predecessor-version":[{"id":102,"href":"https:\/\/wp2.oszef.bhakwien10.schulwebspace.at\/index.php?rest_route=\/wp\/v2\/pages\/96\/revisions\/102"}],"wp:attachment":[{"href":"https:\/\/wp2.oszef.bhakwien10.schulwebspace.at\/index.php?rest_route=%2Fwp%2Fv2%2Fmedia&parent=96"}],"curies":[{"name":"wp","href":"https:\/\/api.w.org\/{rel}","templated":true}]}}