{"id":527,"date":"2025-06-03T14:11:32","date_gmt":"2025-06-03T12:11:32","guid":{"rendered":"https:\/\/wp2.oszef.bhakwien10.schulwebspace.at\/?post_type=product&#038;p=527"},"modified":"2025-06-03T14:11:33","modified_gmt":"2025-06-03T12:11:33","slug":"baconbuerger","status":"publish","type":"product","link":"https:\/\/wp2.oszef.bhakwien10.schulwebspace.at\/?product=baconbuerger","title":{"rendered":"Baconb\u00fcrger"},"content":{"rendered":"<p><strong data-start=\"71\" data-end=\"108\">Herzhaft, deftig, unwiderstehlich<\/strong> \u2013 saftiges Rindfleisch-Patty, knusprig gebratener Bacon, geschmolzener K\u00e4se, frische Toppings und w\u00fcrzige Sauce im goldbraunen Bun. F\u00fcr alle, die\u2019s herzhaft lieben.<\/p>\n","protected":false},"excerpt":{"rendered":"<p>Herzhaft, deftig, unwiderstehlich \u2013 saftiges Rindfleisch-Patty, knusprig gebratener Bacon, geschmolzener K\u00e4se, frische Toppings und w\u00fcrzige Sauce im goldbraunen Bun. F\u00fcr alle, die\u2019s herzhaft lieben.<\/p>\n","protected":false},"featured_media":302,"comment_status":"open","ping_status":"closed","template":"","meta":{"postBodyCss":"","postBodyMargin":[],"postBodyPadding":[],"postBodyBackground":{"backgroundType":"classic","gradient":""}},"product_brand":[],"product_cat":[22],"product_tag":[33,31,27,23],"class_list":{"0":"post-527","1":"product","2":"type-product","3":"status-publish","4":"has-post-thumbnail","6":"product_cat-hauptgericht","7":"product_tag-bacon","8":"product_tag-buerger","9":"product_tag-qualitaet","10":"product_tag-saftig","12":"first","13":"instock","14":"taxable","15":"shipping-taxable","16":"purchasable","17":"product-type-simple"},"_links":{"self":[{"href":"https:\/\/wp2.oszef.bhakwien10.schulwebspace.at\/index.php?rest_route=\/wp\/v2\/product\/527","targetHints":{"allow":["GET"]}}],"collection":[{"href":"https:\/\/wp2.oszef.bhakwien10.schulwebspace.at\/index.php?rest_route=\/wp\/v2\/product"}],"about":[{"href":"https:\/\/wp2.oszef.bhakwien10.schulwebspace.at\/index.php?rest_route=\/wp\/v2\/types\/product"}],"replies":[{"embeddable":true,"href":"https:\/\/wp2.oszef.bhakwien10.schulwebspace.at\/index.php?rest_route=%2Fwp%2Fv2%2Fcomments&post=527"}],"wp:featuredmedia":[{"embeddable":true,"href":"https:\/\/wp2.oszef.bhakwien10.schulwebspace.at\/index.php?rest_route=\/wp\/v2\/media\/302"}],"wp:attachment":[{"href":"https:\/\/wp2.oszef.bhakwien10.schulwebspace.at\/index.php?rest_route=%2Fwp%2Fv2%2Fmedia&parent=527"}],"wp:term":[{"taxonomy":"product_brand","embeddable":true,"href":"https:\/\/wp2.oszef.bhakwien10.schulwebspace.at\/index.php?rest_route=%2Fwp%2Fv2%2Fproduct_brand&post=527"},{"taxonomy":"product_cat","embeddable":true,"href":"https:\/\/wp2.oszef.bhakwien10.schulwebspace.at\/index.php?rest_route=%2Fwp%2Fv2%2Fproduct_cat&post=527"},{"taxonomy":"product_tag","embeddable":true,"href":"https:\/\/wp2.oszef.bhakwien10.schulwebspace.at\/index.php?rest_route=%2Fwp%2Fv2%2Fproduct_tag&post=527"}],"curies":[{"name":"wp","href":"https:\/\/api.w.org\/{rel}","templated":true}]}}