{"id":530,"date":"2025-06-03T14:17:16","date_gmt":"2025-06-03T12:17:16","guid":{"rendered":"https:\/\/wp2.oszef.bhakwien10.schulwebspace.at\/?post_type=product&#038;p=530"},"modified":"2025-06-03T14:17:16","modified_gmt":"2025-06-03T12:17:16","slug":"scharfer-buerger","status":"publish","type":"product","link":"https:\/\/wp2.oszef.bhakwien10.schulwebspace.at\/?product=scharfer-buerger","title":{"rendered":"Scharfer B\u00fcrger"},"content":{"rendered":"<p><strong data-start=\"79\" data-end=\"109\">Feurig, w\u00fcrzig, voll Power<\/strong> \u2013 saftiges Patty, scharfe Jalape\u00f1os, feurige Chilisauce, w\u00fcrziger K\u00e4se und frischer Salat im ger\u00f6steten Bun. F\u00fcr alle, die es richtig scharf m\u00f6gen!<\/p>\n","protected":false},"excerpt":{"rendered":"<p>Feurig, w\u00fcrzig, voll Power \u2013 saftiges Patty, scharfe Jalape\u00f1os, feurige Chilisauce, w\u00fcrziger K\u00e4se und frischer Salat im ger\u00f6steten Bun. F\u00fcr alle, die es richtig scharf m\u00f6gen!<\/p>\n","protected":false},"featured_media":299,"comment_status":"open","ping_status":"closed","template":"","meta":{"postBodyCss":"","postBodyMargin":[],"postBodyPadding":[],"postBodyBackground":{"backgroundType":"classic","gradient":""}},"product_brand":[],"product_cat":[21],"product_tag":[31,24,36,35],"class_list":{"0":"post-530","1":"product","2":"type-product","3":"status-publish","4":"has-post-thumbnail","6":"product_cat-unkategorisiert","7":"product_tag-buerger","8":"product_tag-deftig","9":"product_tag-feuer","10":"product_tag-scharf","12":"first","13":"instock","14":"taxable","15":"shipping-taxable","16":"purchasable","17":"product-type-simple"},"_links":{"self":[{"href":"https:\/\/wp2.oszef.bhakwien10.schulwebspace.at\/index.php?rest_route=\/wp\/v2\/product\/530","targetHints":{"allow":["GET"]}}],"collection":[{"href":"https:\/\/wp2.oszef.bhakwien10.schulwebspace.at\/index.php?rest_route=\/wp\/v2\/product"}],"about":[{"href":"https:\/\/wp2.oszef.bhakwien10.schulwebspace.at\/index.php?rest_route=\/wp\/v2\/types\/product"}],"replies":[{"embeddable":true,"href":"https:\/\/wp2.oszef.bhakwien10.schulwebspace.at\/index.php?rest_route=%2Fwp%2Fv2%2Fcomments&post=530"}],"wp:featuredmedia":[{"embeddable":true,"href":"https:\/\/wp2.oszef.bhakwien10.schulwebspace.at\/index.php?rest_route=\/wp\/v2\/media\/299"}],"wp:attachment":[{"href":"https:\/\/wp2.oszef.bhakwien10.schulwebspace.at\/index.php?rest_route=%2Fwp%2Fv2%2Fmedia&parent=530"}],"wp:term":[{"taxonomy":"product_brand","embeddable":true,"href":"https:\/\/wp2.oszef.bhakwien10.schulwebspace.at\/index.php?rest_route=%2Fwp%2Fv2%2Fproduct_brand&post=530"},{"taxonomy":"product_cat","embeddable":true,"href":"https:\/\/wp2.oszef.bhakwien10.schulwebspace.at\/index.php?rest_route=%2Fwp%2Fv2%2Fproduct_cat&post=530"},{"taxonomy":"product_tag","embeddable":true,"href":"https:\/\/wp2.oszef.bhakwien10.schulwebspace.at\/index.php?rest_route=%2Fwp%2Fv2%2Fproduct_tag&post=530"}],"curies":[{"name":"wp","href":"https:\/\/api.w.org\/{rel}","templated":true}]}}