{"id":531,"date":"2025-06-03T14:18:23","date_gmt":"2025-06-03T12:18:23","guid":{"rendered":"https:\/\/wp2.oszef.bhakwien10.schulwebspace.at\/?post_type=product&#038;p=531"},"modified":"2025-06-03T14:18:23","modified_gmt":"2025-06-03T12:18:23","slug":"bbq-buerger","status":"publish","type":"product","link":"https:\/\/wp2.oszef.bhakwien10.schulwebspace.at\/?product=bbq-buerger","title":{"rendered":"BBQ B\u00fcrger"},"content":{"rendered":"<p data-start=\"72\" data-end=\"286\"><strong data-start=\"72\" data-end=\"109\">Rauchig, saftig, voller Geschmack<\/strong> \u2013 zartes Patty mit w\u00fcrziger BBQ-Sauce, geschmolzenem K\u00e4se, knusprigem Bacon (optional), R\u00f6stzwiebeln und frischen Toppings im fluffigen Bun. Der perfekte Burger f\u00fcr Grill-Fans.<\/p>\n","protected":false},"excerpt":{"rendered":"<p>Rauchig, saftig, voller Geschmack \u2013 zartes Patty mit w\u00fcrziger BBQ-Sauce, geschmolzenem K\u00e4se, knusprigem Bacon (optional), R\u00f6stzwiebeln und frischen Toppings im fluffigen Bun. Der perfekte Burger f\u00fcr Grill-Fans.<\/p>\n","protected":false},"featured_media":298,"comment_status":"open","ping_status":"closed","template":"","meta":{"postBodyCss":"","postBodyMargin":[],"postBodyPadding":[],"postBodyBackground":{"backgroundType":"classic","gradient":""}},"product_brand":[],"product_cat":[22],"product_tag":[37,31,26,23],"class_list":{"0":"post-531","1":"product","2":"type-product","3":"status-publish","4":"has-post-thumbnail","6":"product_cat-hauptgericht","7":"product_tag-bbq","8":"product_tag-buerger","9":"product_tag-lecker","10":"product_tag-saftig","12":"first","13":"instock","14":"taxable","15":"shipping-taxable","16":"purchasable","17":"product-type-simple"},"_links":{"self":[{"href":"https:\/\/wp2.oszef.bhakwien10.schulwebspace.at\/index.php?rest_route=\/wp\/v2\/product\/531","targetHints":{"allow":["GET"]}}],"collection":[{"href":"https:\/\/wp2.oszef.bhakwien10.schulwebspace.at\/index.php?rest_route=\/wp\/v2\/product"}],"about":[{"href":"https:\/\/wp2.oszef.bhakwien10.schulwebspace.at\/index.php?rest_route=\/wp\/v2\/types\/product"}],"replies":[{"embeddable":true,"href":"https:\/\/wp2.oszef.bhakwien10.schulwebspace.at\/index.php?rest_route=%2Fwp%2Fv2%2Fcomments&post=531"}],"wp:featuredmedia":[{"embeddable":true,"href":"https:\/\/wp2.oszef.bhakwien10.schulwebspace.at\/index.php?rest_route=\/wp\/v2\/media\/298"}],"wp:attachment":[{"href":"https:\/\/wp2.oszef.bhakwien10.schulwebspace.at\/index.php?rest_route=%2Fwp%2Fv2%2Fmedia&parent=531"}],"wp:term":[{"taxonomy":"product_brand","embeddable":true,"href":"https:\/\/wp2.oszef.bhakwien10.schulwebspace.at\/index.php?rest_route=%2Fwp%2Fv2%2Fproduct_brand&post=531"},{"taxonomy":"product_cat","embeddable":true,"href":"https:\/\/wp2.oszef.bhakwien10.schulwebspace.at\/index.php?rest_route=%2Fwp%2Fv2%2Fproduct_cat&post=531"},{"taxonomy":"product_tag","embeddable":true,"href":"https:\/\/wp2.oszef.bhakwien10.schulwebspace.at\/index.php?rest_route=%2Fwp%2Fv2%2Fproduct_tag&post=531"}],"curies":[{"name":"wp","href":"https:\/\/api.w.org\/{rel}","templated":true}]}}