{"id":538,"date":"2025-06-03T14:31:24","date_gmt":"2025-06-03T12:31:24","guid":{"rendered":"https:\/\/wp2.oszef.bhakwien10.schulwebspace.at\/?post_type=product&#038;p=538"},"modified":"2025-06-03T14:31:24","modified_gmt":"2025-06-03T12:31:24","slug":"diavola-pizza","status":"publish","type":"product","link":"https:\/\/wp2.oszef.bhakwien10.schulwebspace.at\/?product=diavola-pizza","title":{"rendered":"Diavola Pizza"},"content":{"rendered":"<p data-start=\"72\" data-end=\"230\"><strong data-start=\"72\" data-end=\"93\">Feurig und w\u00fcrzig<\/strong> \u2013 scharfe Salamischeiben, fruchtige Tomatensauce und geschmolzener K\u00e4se auf knusprigem Teig. F\u00fcr alle, die es gern richtig pikant m\u00f6gen.<\/p>\n","protected":false},"excerpt":{"rendered":"<p>Feurig und w\u00fcrzig \u2013 scharfe Salamischeiben, fruchtige Tomatensauce und geschmolzener K\u00e4se auf knusprigem Teig. F\u00fcr alle, die es gern richtig pikant m\u00f6gen.<\/p>\n","protected":false},"featured_media":293,"comment_status":"open","ping_status":"closed","template":"","meta":{"postBodyCss":"","postBodyMargin":[],"postBodyPadding":[],"postBodyBackground":{"backgroundType":"classic","gradient":""}},"product_brand":[],"product_cat":[22],"product_tag":[26,38,23,35],"class_list":{"0":"post-538","1":"product","2":"type-product","3":"status-publish","4":"has-post-thumbnail","6":"product_cat-hauptgericht","7":"product_tag-lecker","8":"product_tag-pizza","9":"product_tag-saftig","10":"product_tag-scharf","12":"first","13":"instock","14":"taxable","15":"shipping-taxable","16":"purchasable","17":"product-type-simple"},"_links":{"self":[{"href":"https:\/\/wp2.oszef.bhakwien10.schulwebspace.at\/index.php?rest_route=\/wp\/v2\/product\/538","targetHints":{"allow":["GET"]}}],"collection":[{"href":"https:\/\/wp2.oszef.bhakwien10.schulwebspace.at\/index.php?rest_route=\/wp\/v2\/product"}],"about":[{"href":"https:\/\/wp2.oszef.bhakwien10.schulwebspace.at\/index.php?rest_route=\/wp\/v2\/types\/product"}],"replies":[{"embeddable":true,"href":"https:\/\/wp2.oszef.bhakwien10.schulwebspace.at\/index.php?rest_route=%2Fwp%2Fv2%2Fcomments&post=538"}],"wp:featuredmedia":[{"embeddable":true,"href":"https:\/\/wp2.oszef.bhakwien10.schulwebspace.at\/index.php?rest_route=\/wp\/v2\/media\/293"}],"wp:attachment":[{"href":"https:\/\/wp2.oszef.bhakwien10.schulwebspace.at\/index.php?rest_route=%2Fwp%2Fv2%2Fmedia&parent=538"}],"wp:term":[{"taxonomy":"product_brand","embeddable":true,"href":"https:\/\/wp2.oszef.bhakwien10.schulwebspace.at\/index.php?rest_route=%2Fwp%2Fv2%2Fproduct_brand&post=538"},{"taxonomy":"product_cat","embeddable":true,"href":"https:\/\/wp2.oszef.bhakwien10.schulwebspace.at\/index.php?rest_route=%2Fwp%2Fv2%2Fproduct_cat&post=538"},{"taxonomy":"product_tag","embeddable":true,"href":"https:\/\/wp2.oszef.bhakwien10.schulwebspace.at\/index.php?rest_route=%2Fwp%2Fv2%2Fproduct_tag&post=538"}],"curies":[{"name":"wp","href":"https:\/\/api.w.org\/{rel}","templated":true}]}}