{"id":540,"date":"2025-06-03T14:36:05","date_gmt":"2025-06-03T12:36:05","guid":{"rendered":"https:\/\/wp2.oszef.bhakwien10.schulwebspace.at\/?post_type=product&#038;p=540"},"modified":"2025-06-03T14:36:05","modified_gmt":"2025-06-03T12:36:05","slug":"amerikanische-pizza","status":"publish","type":"product","link":"https:\/\/wp2.oszef.bhakwien10.schulwebspace.at\/?product=amerikanische-pizza","title":{"rendered":"Amerikanische Pizza"},"content":{"rendered":"<p><strong data-start=\"80\" data-end=\"120\">Herzhaft, \u00fcppig und gro\u00dfz\u00fcgig belegt<\/strong> \u2013 dicker Boden, reichlich K\u00e4se, w\u00fcrzige Salami, saftiger Schinken, Peperoni und bunte Paprika. Ein echter amerikanischer Klassiker f\u00fcr den gro\u00dfen Hunger.<\/p>\n","protected":false},"excerpt":{"rendered":"<p>Herzhaft, \u00fcppig und gro\u00dfz\u00fcgig belegt \u2013 dicker Boden, reichlich K\u00e4se, w\u00fcrzige Salami, saftiger Schinken, Peperoni und bunte Paprika. Ein echter amerikanischer Klassiker f\u00fcr den gro\u00dfen Hunger.<\/p>\n","protected":false},"featured_media":295,"comment_status":"open","ping_status":"closed","template":"","meta":{"postBodyCss":"","postBodyMargin":[],"postBodyPadding":[],"postBodyBackground":{"backgroundType":"classic","gradient":""}},"product_brand":[],"product_cat":[21],"product_tag":[49,24,48,26,23],"class_list":{"0":"post-540","1":"product","2":"type-product","3":"status-publish","4":"has-post-thumbnail","6":"product_cat-unkategorisiert","7":"product_tag-amerikanisch","8":"product_tag-deftig","9":"product_tag-dick","10":"product_tag-lecker","11":"product_tag-saftig","13":"first","14":"instock","15":"taxable","16":"shipping-taxable","17":"purchasable","18":"product-type-simple"},"_links":{"self":[{"href":"https:\/\/wp2.oszef.bhakwien10.schulwebspace.at\/index.php?rest_route=\/wp\/v2\/product\/540","targetHints":{"allow":["GET"]}}],"collection":[{"href":"https:\/\/wp2.oszef.bhakwien10.schulwebspace.at\/index.php?rest_route=\/wp\/v2\/product"}],"about":[{"href":"https:\/\/wp2.oszef.bhakwien10.schulwebspace.at\/index.php?rest_route=\/wp\/v2\/types\/product"}],"replies":[{"embeddable":true,"href":"https:\/\/wp2.oszef.bhakwien10.schulwebspace.at\/index.php?rest_route=%2Fwp%2Fv2%2Fcomments&post=540"}],"wp:featuredmedia":[{"embeddable":true,"href":"https:\/\/wp2.oszef.bhakwien10.schulwebspace.at\/index.php?rest_route=\/wp\/v2\/media\/295"}],"wp:attachment":[{"href":"https:\/\/wp2.oszef.bhakwien10.schulwebspace.at\/index.php?rest_route=%2Fwp%2Fv2%2Fmedia&parent=540"}],"wp:term":[{"taxonomy":"product_brand","embeddable":true,"href":"https:\/\/wp2.oszef.bhakwien10.schulwebspace.at\/index.php?rest_route=%2Fwp%2Fv2%2Fproduct_brand&post=540"},{"taxonomy":"product_cat","embeddable":true,"href":"https:\/\/wp2.oszef.bhakwien10.schulwebspace.at\/index.php?rest_route=%2Fwp%2Fv2%2Fproduct_cat&post=540"},{"taxonomy":"product_tag","embeddable":true,"href":"https:\/\/wp2.oszef.bhakwien10.schulwebspace.at\/index.php?rest_route=%2Fwp%2Fv2%2Fproduct_tag&post=540"}],"curies":[{"name":"wp","href":"https:\/\/api.w.org\/{rel}","templated":true}]}}