{"id":542,"date":"2025-06-03T17:08:28","date_gmt":"2025-06-03T15:08:28","guid":{"rendered":"https:\/\/wp2.oszef.bhakwien10.schulwebspace.at\/?post_type=product&#038;p=542"},"modified":"2025-06-03T17:08:28","modified_gmt":"2025-06-03T15:08:28","slug":"t-bone-porterhouse","status":"publish","type":"product","link":"https:\/\/wp2.oszef.bhakwien10.schulwebspace.at\/?product=t-bone-porterhouse","title":{"rendered":"T-Bone &#038; Porterhouse"},"content":{"rendered":"<p data-start=\"103\" data-end=\"316\"><strong data-start=\"103\" data-end=\"119\">T-Bone-Steak<\/strong><br data-start=\"119\" data-end=\"122\" \/><strong data-start=\"122\" data-end=\"149\">Zwei Klassiker in einem<\/strong> \u2013 ein saftiges Rumpsteak und ein zartes Filetst\u00fcck, getrennt durch den markanten T-Knochen. Intensiver Fleischgeschmack und perfekter Grillgenuss f\u00fcr echte Steakfans.<\/p>\n<hr data-start=\"318\" data-end=\"321\" \/>\n<p data-start=\"323\" data-end=\"549\"><strong data-start=\"323\" data-end=\"344\">Porterhouse-Steak<\/strong><br data-start=\"344\" data-end=\"347\" \/><strong data-start=\"347\" data-end=\"377\">Der K\u00f6nig unter den Steaks<\/strong> \u2013 wie das T-Bone, aber mit einem deutlich gr\u00f6\u00dferen Filetanteil. Zart, aromatisch und ideal f\u00fcr den gro\u00dfen Appetit oder zum Teilen. Premium-Steakgenuss auf h\u00f6chstem Niveau.<\/p>\n","protected":false},"excerpt":{"rendered":"<p>T-Bone-SteakZwei Klassiker in einem \u2013 ein saftiges Rumpsteak und ein zartes Filetst\u00fcck, getrennt durch den markanten T-Knochen. Intensiver Fleischgeschmack und perfekter Grillgenuss f\u00fcr echte Steakfans. Porterhouse-SteakDer K\u00f6nig unter den Steaks \u2013 wie das T-Bone, aber mit einem deutlich gr\u00f6\u00dferen Filetanteil. Zart, aromatisch und ideal f\u00fcr den gro\u00dfen Appetit oder zum Teilen. Premium-Steakgenuss auf h\u00f6chstem Niveau.<\/p>\n","protected":false},"featured_media":327,"comment_status":"open","ping_status":"closed","template":"","meta":{"postBodyCss":"","postBodyMargin":[],"postBodyPadding":[],"postBodyBackground":{"backgroundType":"classic","gradient":""}},"product_brand":[],"product_cat":[22],"product_tag":[51,26,23,50],"class_list":{"0":"post-542","1":"product","2":"type-product","3":"status-publish","4":"has-post-thumbnail","6":"product_cat-hauptgericht","7":"product_tag-geniessbar","8":"product_tag-lecker","9":"product_tag-saftig","10":"product_tag-steak","12":"first","13":"instock","14":"taxable","15":"shipping-taxable","16":"purchasable","17":"product-type-simple"},"_links":{"self":[{"href":"https:\/\/wp2.oszef.bhakwien10.schulwebspace.at\/index.php?rest_route=\/wp\/v2\/product\/542","targetHints":{"allow":["GET"]}}],"collection":[{"href":"https:\/\/wp2.oszef.bhakwien10.schulwebspace.at\/index.php?rest_route=\/wp\/v2\/product"}],"about":[{"href":"https:\/\/wp2.oszef.bhakwien10.schulwebspace.at\/index.php?rest_route=\/wp\/v2\/types\/product"}],"replies":[{"embeddable":true,"href":"https:\/\/wp2.oszef.bhakwien10.schulwebspace.at\/index.php?rest_route=%2Fwp%2Fv2%2Fcomments&post=542"}],"wp:featuredmedia":[{"embeddable":true,"href":"https:\/\/wp2.oszef.bhakwien10.schulwebspace.at\/index.php?rest_route=\/wp\/v2\/media\/327"}],"wp:attachment":[{"href":"https:\/\/wp2.oszef.bhakwien10.schulwebspace.at\/index.php?rest_route=%2Fwp%2Fv2%2Fmedia&parent=542"}],"wp:term":[{"taxonomy":"product_brand","embeddable":true,"href":"https:\/\/wp2.oszef.bhakwien10.schulwebspace.at\/index.php?rest_route=%2Fwp%2Fv2%2Fproduct_brand&post=542"},{"taxonomy":"product_cat","embeddable":true,"href":"https:\/\/wp2.oszef.bhakwien10.schulwebspace.at\/index.php?rest_route=%2Fwp%2Fv2%2Fproduct_cat&post=542"},{"taxonomy":"product_tag","embeddable":true,"href":"https:\/\/wp2.oszef.bhakwien10.schulwebspace.at\/index.php?rest_route=%2Fwp%2Fv2%2Fproduct_tag&post=542"}],"curies":[{"name":"wp","href":"https:\/\/api.w.org\/{rel}","templated":true}]}}