{"id":543,"date":"2025-06-03T17:09:52","date_gmt":"2025-06-03T15:09:52","guid":{"rendered":"https:\/\/wp2.oszef.bhakwien10.schulwebspace.at\/?post_type=product&#038;p=543"},"modified":"2025-06-03T17:09:52","modified_gmt":"2025-06-03T15:09:52","slug":"filet-mignon","status":"publish","type":"product","link":"https:\/\/wp2.oszef.bhakwien10.schulwebspace.at\/?product=filet-mignon","title":{"rendered":"Filet Mignon"},"content":{"rendered":"<p><strong data-start=\"78\" data-end=\"109\">Zart, edel, unvergleichlich<\/strong> \u2013 das Filet Mignon ist das feinste St\u00fcck vom Rind: butterzart, mager und voller Eleganz im Geschmack. Perfekt f\u00fcr Genie\u00dfer, die h\u00f6chsten Wert auf Qualit\u00e4t und Zartheit legen.<\/p>\n","protected":false},"excerpt":{"rendered":"<p>Zart, edel, unvergleichlich \u2013 das Filet Mignon ist das feinste St\u00fcck vom Rind: butterzart, mager und voller Eleganz im Geschmack. Perfekt f\u00fcr Genie\u00dfer, die h\u00f6chsten Wert auf Qualit\u00e4t und Zartheit legen.<\/p>\n","protected":false},"featured_media":328,"comment_status":"open","ping_status":"closed","template":"","meta":{"postBodyCss":"","postBodyMargin":[],"postBodyPadding":[],"postBodyBackground":{"backgroundType":"classic","gradient":""}},"product_brand":[],"product_cat":[22],"product_tag":[51,26,23,50],"class_list":{"0":"post-543","1":"product","2":"type-product","3":"status-publish","4":"has-post-thumbnail","6":"product_cat-hauptgericht","7":"product_tag-geniessbar","8":"product_tag-lecker","9":"product_tag-saftig","10":"product_tag-steak","12":"first","13":"instock","14":"taxable","15":"shipping-taxable","16":"purchasable","17":"product-type-simple"},"_links":{"self":[{"href":"https:\/\/wp2.oszef.bhakwien10.schulwebspace.at\/index.php?rest_route=\/wp\/v2\/product\/543","targetHints":{"allow":["GET"]}}],"collection":[{"href":"https:\/\/wp2.oszef.bhakwien10.schulwebspace.at\/index.php?rest_route=\/wp\/v2\/product"}],"about":[{"href":"https:\/\/wp2.oszef.bhakwien10.schulwebspace.at\/index.php?rest_route=\/wp\/v2\/types\/product"}],"replies":[{"embeddable":true,"href":"https:\/\/wp2.oszef.bhakwien10.schulwebspace.at\/index.php?rest_route=%2Fwp%2Fv2%2Fcomments&post=543"}],"wp:featuredmedia":[{"embeddable":true,"href":"https:\/\/wp2.oszef.bhakwien10.schulwebspace.at\/index.php?rest_route=\/wp\/v2\/media\/328"}],"wp:attachment":[{"href":"https:\/\/wp2.oszef.bhakwien10.schulwebspace.at\/index.php?rest_route=%2Fwp%2Fv2%2Fmedia&parent=543"}],"wp:term":[{"taxonomy":"product_brand","embeddable":true,"href":"https:\/\/wp2.oszef.bhakwien10.schulwebspace.at\/index.php?rest_route=%2Fwp%2Fv2%2Fproduct_brand&post=543"},{"taxonomy":"product_cat","embeddable":true,"href":"https:\/\/wp2.oszef.bhakwien10.schulwebspace.at\/index.php?rest_route=%2Fwp%2Fv2%2Fproduct_cat&post=543"},{"taxonomy":"product_tag","embeddable":true,"href":"https:\/\/wp2.oszef.bhakwien10.schulwebspace.at\/index.php?rest_route=%2Fwp%2Fv2%2Fproduct_tag&post=543"}],"curies":[{"name":"wp","href":"https:\/\/api.w.org\/{rel}","templated":true}]}}