{"id":549,"date":"2025-06-03T17:18:44","date_gmt":"2025-06-03T15:18:44","guid":{"rendered":"https:\/\/wp2.oszef.bhakwien10.schulwebspace.at\/?post_type=product&#038;p=549"},"modified":"2025-06-03T17:18:44","modified_gmt":"2025-06-03T15:18:44","slug":"chicken-wings","status":"publish","type":"product","link":"https:\/\/wp2.oszef.bhakwien10.schulwebspace.at\/?product=chicken-wings","title":{"rendered":"Chicken Wings"},"content":{"rendered":"<p><strong data-start=\"68\" data-end=\"109\">Knusprig, saftig, finger-lickin\u2019 good<\/strong> \u2013 zarte H\u00e4hnchenfl\u00fcgel, goldbraun frittiert oder gegrillt, mit w\u00fcrziger Marinade oder Sauce nach Wahl. Perfekt zum Snacken, Teilen oder Genie\u00dfen.<\/p>\n","protected":false},"excerpt":{"rendered":"<p>Knusprig, saftig, finger-lickin\u2019 good \u2013 zarte H\u00e4hnchenfl\u00fcgel, goldbraun frittiert oder gegrillt, mit w\u00fcrziger Marinade oder Sauce nach Wahl. Perfekt zum Snacken, Teilen oder Genie\u00dfen.<\/p>\n","protected":false},"featured_media":371,"comment_status":"open","ping_status":"closed","template":"","meta":{"postBodyCss":"","postBodyMargin":[],"postBodyPadding":[],"postBodyBackground":{"backgroundType":"classic","gradient":""}},"product_brand":[],"product_cat":[53],"product_tag":[56],"class_list":{"0":"post-549","1":"product","2":"type-product","3":"status-publish","4":"has-post-thumbnail","6":"product_cat-beilage","7":"product_tag-chicken-wings","9":"first","10":"instock","11":"taxable","12":"shipping-taxable","13":"purchasable","14":"product-type-simple"},"_links":{"self":[{"href":"https:\/\/wp2.oszef.bhakwien10.schulwebspace.at\/index.php?rest_route=\/wp\/v2\/product\/549","targetHints":{"allow":["GET"]}}],"collection":[{"href":"https:\/\/wp2.oszef.bhakwien10.schulwebspace.at\/index.php?rest_route=\/wp\/v2\/product"}],"about":[{"href":"https:\/\/wp2.oszef.bhakwien10.schulwebspace.at\/index.php?rest_route=\/wp\/v2\/types\/product"}],"replies":[{"embeddable":true,"href":"https:\/\/wp2.oszef.bhakwien10.schulwebspace.at\/index.php?rest_route=%2Fwp%2Fv2%2Fcomments&post=549"}],"wp:featuredmedia":[{"embeddable":true,"href":"https:\/\/wp2.oszef.bhakwien10.schulwebspace.at\/index.php?rest_route=\/wp\/v2\/media\/371"}],"wp:attachment":[{"href":"https:\/\/wp2.oszef.bhakwien10.schulwebspace.at\/index.php?rest_route=%2Fwp%2Fv2%2Fmedia&parent=549"}],"wp:term":[{"taxonomy":"product_brand","embeddable":true,"href":"https:\/\/wp2.oszef.bhakwien10.schulwebspace.at\/index.php?rest_route=%2Fwp%2Fv2%2Fproduct_brand&post=549"},{"taxonomy":"product_cat","embeddable":true,"href":"https:\/\/wp2.oszef.bhakwien10.schulwebspace.at\/index.php?rest_route=%2Fwp%2Fv2%2Fproduct_cat&post=549"},{"taxonomy":"product_tag","embeddable":true,"href":"https:\/\/wp2.oszef.bhakwien10.schulwebspace.at\/index.php?rest_route=%2Fwp%2Fv2%2Fproduct_tag&post=549"}],"curies":[{"name":"wp","href":"https:\/\/api.w.org\/{rel}","templated":true}]}}