{"id":558,"date":"2025-06-03T17:25:50","date_gmt":"2025-06-03T15:25:50","guid":{"rendered":"https:\/\/wp2.oszef.bhakwien10.schulwebspace.at\/?post_type=product&#038;p=558"},"modified":"2025-06-03T17:25:51","modified_gmt":"2025-06-03T15:25:51","slug":"kuchen","status":"publish","type":"product","link":"https:\/\/wp2.oszef.bhakwien10.schulwebspace.at\/?product=kuchen","title":{"rendered":"Kuchen"},"content":{"rendered":"<p data-start=\"66\" data-end=\"234\"><strong data-start=\"66\" data-end=\"99\">Saftig, s\u00fc\u00df und verf\u00fchrerisch<\/strong> \u2013 frisch gebackene Kuchen in verschiedenen Sorten, von fruchtig bis schokoladig, perfekt als s\u00fc\u00dfer Genuss zum Kaffee oder als Dessert.<\/p>\n","protected":false},"excerpt":{"rendered":"<p>Saftig, s\u00fc\u00df und verf\u00fchrerisch \u2013 frisch gebackene Kuchen in verschiedenen Sorten, von fruchtig bis schokoladig, perfekt als s\u00fc\u00dfer Genuss zum Kaffee oder als Dessert.<\/p>\n","protected":false},"featured_media":390,"comment_status":"open","ping_status":"closed","template":"","meta":{"postBodyCss":"","postBodyMargin":[],"postBodyPadding":[],"postBodyBackground":{"backgroundType":"classic","gradient":""}},"product_brand":[],"product_cat":[63],"product_tag":[],"class_list":{"0":"post-558","1":"product","2":"type-product","3":"status-publish","4":"has-post-thumbnail","6":"product_cat-dessert","8":"first","9":"instock","10":"taxable","11":"shipping-taxable","12":"purchasable","13":"product-type-simple"},"_links":{"self":[{"href":"https:\/\/wp2.oszef.bhakwien10.schulwebspace.at\/index.php?rest_route=\/wp\/v2\/product\/558","targetHints":{"allow":["GET"]}}],"collection":[{"href":"https:\/\/wp2.oszef.bhakwien10.schulwebspace.at\/index.php?rest_route=\/wp\/v2\/product"}],"about":[{"href":"https:\/\/wp2.oszef.bhakwien10.schulwebspace.at\/index.php?rest_route=\/wp\/v2\/types\/product"}],"replies":[{"embeddable":true,"href":"https:\/\/wp2.oszef.bhakwien10.schulwebspace.at\/index.php?rest_route=%2Fwp%2Fv2%2Fcomments&post=558"}],"wp:featuredmedia":[{"embeddable":true,"href":"https:\/\/wp2.oszef.bhakwien10.schulwebspace.at\/index.php?rest_route=\/wp\/v2\/media\/390"}],"wp:attachment":[{"href":"https:\/\/wp2.oszef.bhakwien10.schulwebspace.at\/index.php?rest_route=%2Fwp%2Fv2%2Fmedia&parent=558"}],"wp:term":[{"taxonomy":"product_brand","embeddable":true,"href":"https:\/\/wp2.oszef.bhakwien10.schulwebspace.at\/index.php?rest_route=%2Fwp%2Fv2%2Fproduct_brand&post=558"},{"taxonomy":"product_cat","embeddable":true,"href":"https:\/\/wp2.oszef.bhakwien10.schulwebspace.at\/index.php?rest_route=%2Fwp%2Fv2%2Fproduct_cat&post=558"},{"taxonomy":"product_tag","embeddable":true,"href":"https:\/\/wp2.oszef.bhakwien10.schulwebspace.at\/index.php?rest_route=%2Fwp%2Fv2%2Fproduct_tag&post=558"}],"curies":[{"name":"wp","href":"https:\/\/api.w.org\/{rel}","templated":true}]}}