{"id":560,"date":"2025-06-03T17:26:51","date_gmt":"2025-06-03T15:26:51","guid":{"rendered":"https:\/\/wp2.oszef.bhakwien10.schulwebspace.at\/?post_type=product&#038;p=560"},"modified":"2025-06-03T17:26:51","modified_gmt":"2025-06-03T15:26:51","slug":"suessigkeiten","status":"publish","type":"product","link":"https:\/\/wp2.oszef.bhakwien10.schulwebspace.at\/?product=suessigkeiten","title":{"rendered":"S\u00fc\u00dfigkeiten"},"content":{"rendered":"<p><strong data-start=\"66\" data-end=\"103\">Vielf\u00e4ltig, s\u00fc\u00df und verf\u00fchrerisch<\/strong> \u2013 von knackigen Schokoladen \u00fcber fruchtige Bonbons bis hin zu cremigen Pralinen. Kleine Gl\u00fccksmomente f\u00fcr zwischendurch oder zum Verschenken.<\/p>\n","protected":false},"excerpt":{"rendered":"<p>Vielf\u00e4ltig, s\u00fc\u00df und verf\u00fchrerisch \u2013 von knackigen Schokoladen \u00fcber fruchtige Bonbons bis hin zu cremigen Pralinen. Kleine Gl\u00fccksmomente f\u00fcr zwischendurch oder zum Verschenken.<\/p>\n","protected":false},"featured_media":388,"comment_status":"open","ping_status":"closed","template":"","meta":{"postBodyCss":"","postBodyMargin":[],"postBodyPadding":[],"postBodyBackground":{"backgroundType":"classic","gradient":""}},"product_brand":[],"product_cat":[63],"product_tag":[],"class_list":{"0":"post-560","1":"product","2":"type-product","3":"status-publish","4":"has-post-thumbnail","6":"product_cat-dessert","8":"first","9":"instock","10":"taxable","11":"shipping-taxable","12":"purchasable","13":"product-type-simple"},"_links":{"self":[{"href":"https:\/\/wp2.oszef.bhakwien10.schulwebspace.at\/index.php?rest_route=\/wp\/v2\/product\/560","targetHints":{"allow":["GET"]}}],"collection":[{"href":"https:\/\/wp2.oszef.bhakwien10.schulwebspace.at\/index.php?rest_route=\/wp\/v2\/product"}],"about":[{"href":"https:\/\/wp2.oszef.bhakwien10.schulwebspace.at\/index.php?rest_route=\/wp\/v2\/types\/product"}],"replies":[{"embeddable":true,"href":"https:\/\/wp2.oszef.bhakwien10.schulwebspace.at\/index.php?rest_route=%2Fwp%2Fv2%2Fcomments&post=560"}],"wp:featuredmedia":[{"embeddable":true,"href":"https:\/\/wp2.oszef.bhakwien10.schulwebspace.at\/index.php?rest_route=\/wp\/v2\/media\/388"}],"wp:attachment":[{"href":"https:\/\/wp2.oszef.bhakwien10.schulwebspace.at\/index.php?rest_route=%2Fwp%2Fv2%2Fmedia&parent=560"}],"wp:term":[{"taxonomy":"product_brand","embeddable":true,"href":"https:\/\/wp2.oszef.bhakwien10.schulwebspace.at\/index.php?rest_route=%2Fwp%2Fv2%2Fproduct_brand&post=560"},{"taxonomy":"product_cat","embeddable":true,"href":"https:\/\/wp2.oszef.bhakwien10.schulwebspace.at\/index.php?rest_route=%2Fwp%2Fv2%2Fproduct_cat&post=560"},{"taxonomy":"product_tag","embeddable":true,"href":"https:\/\/wp2.oszef.bhakwien10.schulwebspace.at\/index.php?rest_route=%2Fwp%2Fv2%2Fproduct_tag&post=560"}],"curies":[{"name":"wp","href":"https:\/\/api.w.org\/{rel}","templated":true}]}}